{"id":2741,"date":"2016-09-14T13:06:31","date_gmt":"2016-09-14T13:06:31","guid":{"rendered":"http:\/\/vr-room.ch\/?page_id=2741"},"modified":"2019-04-10T17:57:13","modified_gmt":"2019-04-10T17:57:13","slug":"haftung-und-datenschutz","status":"publish","type":"page","link":"https:\/\/vr-room.ch\/it\/haftung-und-datenschutz\/","title":{"rendered":"Responsabilit\u00e0 e protezione dei dati"},"content":{"rendered":"<p><strong>Dichiarazione di non responsabilit\u00e0<\/strong><\/p>\n<p>VRROOM Schweiz c\/o weissfels GmbH non si assume alcuna responsabilit\u00e0 per l'attualit\u00e0, la correttezza, la completezza o la qualit\u00e0 delle informazioni fornite. Sono fondamentalmente escluse le richieste di responsabilit\u00e0 nei confronti di VRROOM Schweiz c\/o weissfels GmbH per danni materiali o morali causati dall'utilizzo o dal mancato utilizzo delle informazioni fornite o dall'utilizzo di informazioni errate o incomplete, a meno che non si dimostri il dolo o la grave negligenza di VRROOM Schweiz c\/o weissfels GmbH.<\/p>\n<p>Tutte le offerte sono soggette a modifiche e non vincolanti. VRROOM Schweiz c\/o weissfels GmbH si riserva espressamente il diritto di modificare, integrare o cancellare parti delle pagine o l'intera offerta senza preavviso o di interrompere temporaneamente o definitivamente la pubblicazione.<\/p>\n<p><strong>Responsabilit\u00e0 per i link<\/strong><\/p>\n<p>I riferimenti e i link a siti web di terzi non rientrano nella nostra sfera di responsabilit\u00e0. Decliniamo ogni responsabilit\u00e0 per tali siti web. L'accesso e l'utilizzo di tali siti web \u00e8 a rischio e pericolo dell'utente.<\/p>\n<p><strong>Diritto d'autore e dei marchi<\/strong><\/p>\n<p>VR VRROOM Schweiz c\/o weissfels GmbH si impegna a rispettare i diritti d'autore delle immagini, dei grafici, dei documenti sonori, delle sequenze video e dei testi utilizzati in tutte le pubblicazioni, a utilizzare immagini, grafici, documenti sonori, sequenze video e testi da essa stessa creati o a utilizzare grafici, documenti sonori, sequenze video e testi privi di licenza.<\/p>\n<p>Tutti i marchi e le marche citati sul sito web e, se del caso, protetti da terzi, sono soggetti senza limitazioni alle disposizioni della legge sui marchi applicabile e ai diritti di propriet\u00e0 dei rispettivi proprietari registrati. La semplice menzione di un marchio non implica che esso non sia protetto da diritti di terzi!<\/p>\n<p>I diritti d'autore per gli oggetti pubblicati creati da VRROOM Schweiz c\/o weissfels GmbH restano esclusivamente di VRROOM Schweiz c\/o weissfels GmbH. La duplicazione o l'utilizzo di oggetti come diagrammi, suoni o testi in altre pubblicazioni elettroniche o stampate non \u00e8 consentita senza il consenso di VRROOM Schweiz c\/o weissfels GmbH.<\/p>\n<p><strong>Disposizioni generali sulla protezione dei dati<\/strong><\/p>\n<p>Se viene data la possibilit\u00e0 di inserire dati personali o aziendali (indirizzi e-mail, nome, indirizzi), l'inserimento di questi dati avviene volontariamente. L'utilizzo e il pagamento di tutti i servizi offerti sono consentiti - se e nella misura in cui ci\u00f2 sia tecnicamente possibile e ragionevole - senza l'indicazione di alcun dato personale o con l'indicazione di dati anonimizzati o di uno pseudonimo. \u00c8 vietato l'uso di indirizzi postali, numeri di telefono o di fax e indirizzi e-mail pubblicati per scopi di marketing; i trasgressori che inviano messaggi di spam indesiderati saranno puniti. Ci riserviamo espressamente il diritto di intraprendere azioni legali contro i mittenti delle cosiddette e-mail di spam in caso di violazione di questo divieto.<\/p>\n<p><strong>Informativa sulla privacy per l'utilizzo dei plugin di Facebook (pulsante \"Mi piace\")<\/strong><\/p>\n<p>I plugin del social network Facebook, 1601 South California Avenue, Palo Alto, CA 94304, USA sono integrati nelle nostre pagine. I plugin di Facebook sono riconoscibili dal logo di Facebook o dal pulsante \"Mi piace\" sul nostro sito. Una panoramica dei plugin di Facebook \u00e8 disponibile qui:\u00a0<a href=\"http:\/\/developers.facebook.com\/docs\/plugins\/\">http:\/\/developers.facebook.com\/docs\/plugins\/<\/a>.<\/p>\n<p>Quando visitate le nostre pagine, viene stabilita una connessione diretta tra il vostro browser e il server di Facebook tramite il plugin. Facebook riceve cos\u00ec l'informazione che avete visitato il nostro sito con il vostro indirizzo IP. Se cliccate sul pulsante \"Mi piace\" di Facebook mentre siete connessi al vostro account Facebook, potete collegare il contenuto delle nostre pagine al vostro profilo Facebook. Ci\u00f2 consente a Facebook di associare la visita alle nostre pagine al vostro account utente. Desideriamo sottolineare che noi, in quanto fornitori delle pagine, non siamo a conoscenza del contenuto dei dati trasmessi n\u00e9 del loro utilizzo da parte di Facebook. Per ulteriori informazioni al riguardo, consultare l'informativa sulla privacy di Facebook all'indirizzo\u00a0<a href=\"https:\/\/www.facebook.com\/about\/privacy\/\">https:\/\/www.facebook.com\/about\/privacy\/<\/a>.<\/p>\n<p>Se non volete che Facebook possa assegnare le vostre visite alle nostre pagine al vostro account utente di Facebook, disconnettetevi dal vostro account utente di Facebook.<\/p>\n<p><strong>Informativa sulla privacy per l'utilizzo di Google Analytics<\/strong><\/p>\n<p>Questo sito web utilizza Google Analytics, un servizio di analisi web fornito da Google, Inc (\"Google\"). Google Analytics utilizza dei \"cookies\", file di testo che vengono depositati sul vostro computer per consentire al sito web di analizzare come gli utenti utilizzano il sito. Le informazioni generate dal cookie sull'utilizzo del sito web da parte dell'utente vengono solitamente trasmesse a un server di Google negli Stati Uniti e l\u00ec memorizzate. Tuttavia, nel caso in cui su questo sito web sia attivata l'anonimizzazione dell'IP, il vostro indirizzo IP verr\u00e0 preventivamente troncato da Google all'interno degli Stati membri dell'Unione europea o in altri Stati contraenti dell'Accordo sullo Spazio economico europeo.<\/p>\n<p>Solo in casi eccezionali l'indirizzo IP completo verr\u00e0 trasmesso a un server di Google negli Stati Uniti e l\u00ec abbreviato. Google utilizzer\u00e0 queste informazioni per valutare l'utilizzo del sito web da parte dell'utente, per redigere rapporti sulle attivit\u00e0 del sito web per gli operatori del sito web e per fornire altri servizi relativi alle attivit\u00e0 del sito web e all'utilizzo di Internet. Google pu\u00f2 anche trasferire queste informazioni a terzi, se ci\u00f2 \u00e8 richiesto dalla legge o se tali terzi elaborano le informazioni per conto di Google. L'indirizzo IP trasmesso dal vostro browser nell'ambito di Google Analytics non viene unito ad altri dati di Google.<\/p>\n<p>Potete rifiutarvi di usare i cookie selezionando l'impostazione appropriata sul vostro browser, ma tenete presente che in tal caso potreste non essere in grado di utilizzare tutte le funzionalit\u00e0 di questo sito web. Utilizzando il presente sito web, l'utente acconsente al trattamento dei propri dati da parte di Google per le modalit\u00e0 e i fini sopraindicati.<\/p>\n<p>La presente dichiarazione di non responsabilit\u00e0 deve essere considerata parte integrante della pubblicazione internet da cui siete stati indirizzati. Se sezioni o singoli termini di questa dichiarazione non sono legali o corretti, il contenuto o la validit\u00e0 delle altre parti non sono influenzati da questo fatto.<\/p>","protected":false},"excerpt":{"rendered":"Haftungsausschluss Die VRROOM Schweiz c\/o weissfels GmbH \u00fcbernimmt keinerlei Gew\u00e4hr f\u00fcr die Aktualit\u00e4t, Korrektheit, Vollst\u00e4ndigkeit oder Qualit\u00e4t der&hellip;","protected":false},"author":1,"featured_media":0,"parent":0,"menu_order":0,"comment_status":"closed","ping_status":"open","template":"","meta":{"footnotes":""},"yoast_head":"<!-- This site is optimized with the Yoast SEO plugin v22.3 - https:\/\/yoast.com\/wordpress\/plugins\/seo\/ -->\n<title>Haftung und Datenschutz - Schweizer Virtual Reality News<\/title>\n<meta name=\"robots\" content=\"index, follow, max-snippet:-1, max-image-preview:large, max-video-preview:-1\" \/>\n<link rel=\"canonical\" href=\"https:\/\/vr-room.ch\/it\/haftung-und-datenschutz\/\" \/>\n<meta property=\"og:locale\" content=\"it_IT\" \/>\n<meta property=\"og:type\" content=\"article\" \/>\n<meta property=\"og:title\" content=\"Haftung und Datenschutz - Schweizer Virtual Reality News\" \/>\n<meta property=\"og:description\" content=\"Haftungsausschluss Die VRROOM Schweiz c\/o weissfels GmbH \u00fcbernimmt keinerlei Gew\u00e4hr f\u00fcr die Aktualit\u00e4t, Korrektheit, Vollst\u00e4ndigkeit oder Qualit\u00e4t der&hellip;\" \/>\n<meta property=\"og:url\" content=\"https:\/\/vr-room.ch\/it\/haftung-und-datenschutz\/\" \/>\n<meta property=\"og:site_name\" content=\"Schweizer Virtual Reality News\" \/>\n<meta property=\"article:modified_time\" content=\"2019-04-10T17:57:13+00:00\" \/>\n<meta name=\"twitter:card\" content=\"summary_large_image\" \/>\n<meta name=\"twitter:label1\" content=\"Tempo di lettura stimato\" \/>\n\t<meta name=\"twitter:data1\" content=\"5 minuti\" \/>\n<script type=\"application\/ld+json\" class=\"yoast-schema-graph\">{\"@context\":\"https:\/\/schema.org\",\"@graph\":[{\"@type\":\"WebPage\",\"@id\":\"https:\/\/vr-room.ch\/haftung-und-datenschutz\/\",\"url\":\"https:\/\/vr-room.ch\/haftung-und-datenschutz\/\",\"name\":\"Haftung und Datenschutz - Schweizer Virtual Reality News\",\"isPartOf\":{\"@id\":\"http:\/\/vr-room.ch\/en\/#website\"},\"datePublished\":\"2016-09-14T13:06:31+00:00\",\"dateModified\":\"2019-04-10T17:57:13+00:00\",\"breadcrumb\":{\"@id\":\"https:\/\/vr-room.ch\/haftung-und-datenschutz\/#breadcrumb\"},\"inLanguage\":\"it-IT\",\"potentialAction\":[{\"@type\":\"ReadAction\",\"target\":[\"https:\/\/vr-room.ch\/haftung-und-datenschutz\/\"]}]},{\"@type\":\"BreadcrumbList\",\"@id\":\"https:\/\/vr-room.ch\/haftung-und-datenschutz\/#breadcrumb\",\"itemListElement\":[{\"@type\":\"ListItem\",\"position\":1,\"name\":\"Startseite\",\"item\":\"http:\/\/vr-room.ch\/en\/\"},{\"@type\":\"ListItem\",\"position\":2,\"name\":\"Haftung und Datenschutz\"}]},{\"@type\":\"WebSite\",\"@id\":\"http:\/\/vr-room.ch\/en\/#website\",\"url\":\"http:\/\/vr-room.ch\/en\/\",\"name\":\"Schweizer Virtual Reality News\",\"description\":\"\",\"potentialAction\":[{\"@type\":\"SearchAction\",\"target\":{\"@type\":\"EntryPoint\",\"urlTemplate\":\"http:\/\/vr-room.ch\/en\/?s={search_term_string}\"},\"query-input\":\"required name=search_term_string\"}],\"inLanguage\":\"it-IT\"}]}<\/script>\n<!-- \/ Yoast SEO plugin. -->","yoast_head_json":{"title":"Haftung und Datenschutz - Schweizer Virtual Reality News","robots":{"index":"index","follow":"follow","max-snippet":"max-snippet:-1","max-image-preview":"max-image-preview:large","max-video-preview":"max-video-preview:-1"},"canonical":"https:\/\/vr-room.ch\/it\/haftung-und-datenschutz\/","og_locale":"it_IT","og_type":"article","og_title":"Haftung und Datenschutz - Schweizer Virtual Reality News","og_description":"Haftungsausschluss Die VRROOM Schweiz c\/o weissfels GmbH \u00fcbernimmt keinerlei Gew\u00e4hr f\u00fcr die Aktualit\u00e4t, Korrektheit, Vollst\u00e4ndigkeit oder Qualit\u00e4t der&hellip;","og_url":"https:\/\/vr-room.ch\/it\/haftung-und-datenschutz\/","og_site_name":"Schweizer Virtual Reality News","article_modified_time":"2019-04-10T17:57:13+00:00","twitter_card":"summary_large_image","twitter_misc":{"Tempo di lettura stimato":"5 minuti"},"schema":{"@context":"https:\/\/schema.org","@graph":[{"@type":"WebPage","@id":"https:\/\/vr-room.ch\/haftung-und-datenschutz\/","url":"https:\/\/vr-room.ch\/haftung-und-datenschutz\/","name":"Haftung und Datenschutz - Schweizer Virtual Reality News","isPartOf":{"@id":"http:\/\/vr-room.ch\/en\/#website"},"datePublished":"2016-09-14T13:06:31+00:00","dateModified":"2019-04-10T17:57:13+00:00","breadcrumb":{"@id":"https:\/\/vr-room.ch\/haftung-und-datenschutz\/#breadcrumb"},"inLanguage":"it-IT","potentialAction":[{"@type":"ReadAction","target":["https:\/\/vr-room.ch\/haftung-und-datenschutz\/"]}]},{"@type":"BreadcrumbList","@id":"https:\/\/vr-room.ch\/haftung-und-datenschutz\/#breadcrumb","itemListElement":[{"@type":"ListItem","position":1,"name":"Startseite","item":"http:\/\/vr-room.ch\/en\/"},{"@type":"ListItem","position":2,"name":"Haftung und Datenschutz"}]},{"@type":"WebSite","@id":"http:\/\/vr-room.ch\/en\/#website","url":"http:\/\/vr-room.ch\/en\/","name":"Schweizer Virtual Reality News","description":"","potentialAction":[{"@type":"SearchAction","target":{"@type":"EntryPoint","urlTemplate":"http:\/\/vr-room.ch\/en\/?s={search_term_string}"},"query-input":"required name=search_term_string"}],"inLanguage":"it-IT"}]}},"_links":{"self":[{"href":"https:\/\/vr-room.ch\/it\/wp-json\/wp\/v2\/pages\/2741"}],"collection":[{"href":"https:\/\/vr-room.ch\/it\/wp-json\/wp\/v2\/pages"}],"about":[{"href":"https:\/\/vr-room.ch\/it\/wp-json\/wp\/v2\/types\/page"}],"author":[{"embeddable":true,"href":"https:\/\/vr-room.ch\/it\/wp-json\/wp\/v2\/users\/1"}],"replies":[{"embeddable":true,"href":"https:\/\/vr-room.ch\/it\/wp-json\/wp\/v2\/comments?post=2741"}],"version-history":[{"count":0,"href":"https:\/\/vr-room.ch\/it\/wp-json\/wp\/v2\/pages\/2741\/revisions"}],"wp:attachment":[{"href":"https:\/\/vr-room.ch\/it\/wp-json\/wp\/v2\/media?parent=2741"}],"curies":[{"name":"wp","href":"https:\/\/api.w.org\/{rel}","templated":true}]}}