{"id":1808,"date":"2014-12-15T14:07:06","date_gmt":"2014-12-15T14:07:06","guid":{"rendered":"http:\/\/chirps-develop.localhost\/?page_id=1808"},"modified":"2017-01-12T16:55:30","modified_gmt":"2017-01-12T16:55:30","slug":"mitmachen","status":"publish","type":"page","link":"https:\/\/vr-room.ch\/it\/mitmachen\/","title":{"rendered":"Unisciti alla sala VR!"},"content":{"rendered":"[g1_row type=\"stretched\" color=\"none\" background_repeat=\"repeat\" background_position=\"centre top\" background_attachment=\"static\" background_scroll=\"none\"]\n[g1_1of2 valign=\"middle\" animation=\"none\" color=\"dark\" background_color=\"#0dc5dc\"]\n[g1_space value=\"3rem\"]\n[\/g1_space]\n<h2 id=\"werden-sie-autor-bei-vr-room\" class=\"g1-delta g1-delta-2nd\" style=\"text-align: center;\">Diventa un autore alla VR Room!<\/h2>\n[g1_space value=\"1.5rem\"]\n[\/g1_space]\n<h2 id=\"we-want-you\" class=\"g1-alpha g1-alpha-2nd\" style=\"text-align: center;\">Vi vogliamo<\/h2>\n[g1_lead]\n<p>Siete appassionati di tecnologia e bravi a scrivere?<\/p>\n<p>Su VR Room scriviamo di argomenti relativi alla realt\u00e0 virtuale in varie sezioni. Oltre a brevi notizie, pubblichiamo anche relazioni, resoconti di eventi, interviste e test di prodotti. Saremo lieti di ricevere le vostre richieste!<\/p>\n[\/g1_lead]\n[g1_space value=\"3rem\"]\n[\/g1_space]\n<p style=\"text-align: center;\">\n[g1_button link=\"http:\/\/vr-room.ch\/kontakt\/\" linking=\"default\" size=\"l\" type=\"standard\" style=\"simple\"]Candidati ora![\/g1_button]\n[\/g1_1of2]\n[g1_1of2 valign=\"middle\" animation=\"none\" color=\"none\" background_color=\"#ffffff\" background_image=\"http:\/\/vr-room.ch\/wp-content\/uploads\/2017\/01\/vr-woman.jpg\" background_repeat=\"no-repeat\" background_position=\"centre top\" background_attachment=\"static\" background_scroll=\"none\" background_size=\"cover\"]\n[g1_space value=\"24rem\"]\n[\/g1_space]\n[\/g1_1of2]\n[\/g1_row]\n[g1_row type=\"default\" color=\"none\" background_repeat=\"repeat\" background_position=\"centre top\" background_attachment=\"static\" background_scroll=\"none\" padding_top=\"4.5rem\" padding_bottom=\"3rem\"]\n[g1_1of3]\n<h3 id=\"wen-wir-suchen\" class=\"g1-delta g1-delta-2nd\">Chi stiamo cercando<\/h3>\n<p>Giornalisti tecnici con esperienza di pubblicazione online, scrittori freelance con esperienza nel settore tecnico e scrittori ambiziosi per hobby. Persone entusiaste delle nuove tecnologie e che amano scrivere. Le prime referenze sarebbero ideali, ma non sono indispensabili.<\/p>\n[\/g1_1of3]\n[g1_1of3]\n<h3 id=\"wen-wir-nicht-suchen\" class=\"g1-delta g1-delta-2nd\">Che non cerchiamo<\/h3>\n<p>In breve: persone senza tempo. La stesura di una breve notizia non dovrebbe richiedere pi\u00f9 di 30 minuti. Rapporti pi\u00f9 ampi, resoconti di eventi e interviste richiederanno ovviamente pi\u00f9 tempo. Se siete interessati a unirvi a noi, dovreste avere abbastanza tempo per scrivere 4-5 articoli brevi a settimana e almeno un articolo pi\u00f9 lungo al mese.<\/p>\n[\/g1_1of3]\n[g1_1of3]\n<h3 id=\"wird-das-schreiben-bezahlt\" class=\"g1-delta g1-delta-2nd\">La lettera \u00e8 stata pagata?<\/h3>\n<p>S\u00ec, dopo un periodo di prova di due mesi, vi verr\u00e0 affidato un incarico da freelance e sarete pagati per il vostro tempo alle tariffe standard del settore. Durante il periodo di prova, valuteremo la qualit\u00e0 dei contributi e vi daremo un feedback per capire se il vostro lavoro soddisfa le nostre aspettative o se c'\u00e8 spazio per un miglioramento.<\/p>\n[\/g1_1of3]\n[\/g1_row]\n[g1_row type=\"default\" color=\"semi-light\" background_color=\"#f2f2f2\u2033 background_repeat=\"repeat\" background_position=\"centre top\" background_attachment=\"static\" background_scroll=\"none\"]\n[g1_1of1]\n<h2 id=\"fragen-und-antworten\" class=\"g1-beta g1-beta-2nd\" style=\"text-align: center;\">Domande e risposte<\/h2>\n<p>&nbsp;<\/p>\n[\/g1_1of1]\n[\/g1_row]\n[g1_toggle title=\"Di cosa dovrei scrivere?\" icon=\"fa fa-question\" size=\"l\" title_align=\"centre\" state=\"off\" style=\"simple\" layout=\"boxed\"]\n<p>Tutto ci\u00f2 che riguarda la realt\u00e0 virtuale \u00e8 interessante per noi. Soprattutto se ha un riferimento alla Svizzera. Il nostro obiettivo \u00e8 che circa 30% dei contributi abbiano un riferimento alla Svizzera. Saremo lieti di aiutarvi a classificare i contributi nelle sezioni appropriate.<\/p>\n[\/g1_toggle]\n[g1_toggle title=\"Come verranno messi online i miei post?\" icon=\"fa fa-question\" size=\"l\" title_align=\"centre\" state=\"off\" style=\"simple\" layout=\"boxed\"]\n<p>Utilizziamo WordPress come sistema di gestione dei contenuti. Se avete gi\u00e0 esperienza con Worpress, \u00e8 molto facile scrivere nuovi post. Se non avete ancora esperienza, possiamo offrirvi una breve formazione. In linea di principio, tuttavia, \u00e8 anche possibile inviarci i contributi sotto forma di file di testo e di immagini. Sar\u00e0 nostra cura metterli online.<\/p>\n[\/g1_toggle]\n[g1_toggle title=\"Quanto dovrebbero essere lunghi i post?\" icon=\"fa fa-question\" size=\"l\" title_align=\"centre\" state=\"off\" style=\"simple\" layout=\"boxed\"]\n<p>Dipende se si tratta di brevi articoli di cronaca sotto forma di poche frasi con link e file multimediali estesi come immagini e video, oppure di relazioni pi\u00f9 lunghe o addirittura di pi\u00f9 pagine o di test di prodotti. L'importante \u00e8 che l'articolo sia stato scritto da voi e non copiato da altri siti.<\/p>\n[\/g1_toggle]\n[g1_toggle title=\"Sono impiegato come libero professionista?\" icon=\"fa fa-question\" size=\"l\" title_align=\"centre\" state=\"off\" style=\"simple\" layout=\"boxed\"]\n<p>No, ricevono un incarico per un lavoro part-time come liberi professionisti. In seguito devono pagare le tasse su questo reddito e assicurarsi da soli.<\/p>\n[\/g1_toggle]\n[g1_space]\n[\/g1_space]","protected":false},"excerpt":{"rendered":"[g1_row type=&#8221;stretched&#8221; color=&#8221;none&#8221; background_repeat=&#8221;repeat&#8221; background_position=&#8221;center top&#8221; background_attachment=&#8221;static&#8221; background_scroll=&#8221;none&#8221;] [g1_1of2 valign=&#8221;middle&#8221; animation=&#8221;none&#8221; color=&#8221;dark&#8221; background_color=&#8221;#0dc5dc&#8221;] [g1_space value=&#8221;3rem&#8221;] [\/g1_space] Werden Sie&hellip;","protected":false},"author":1,"featured_media":0,"parent":0,"menu_order":0,"comment_status":"closed","ping_status":"closed","template":"g1_template_page_full_sections.php","meta":{"footnotes":""},"yoast_head":"<!-- This site is optimized with the Yoast SEO plugin v22.3 - https:\/\/yoast.com\/wordpress\/plugins\/seo\/ -->\n<title>Bei VR Room mitmachen! - Schweizer Virtual Reality News<\/title>\n<meta name=\"robots\" content=\"index, follow, max-snippet:-1, max-image-preview:large, max-video-preview:-1\" \/>\n<link rel=\"canonical\" href=\"https:\/\/vr-room.ch\/it\/mitmachen\/\" \/>\n<meta property=\"og:locale\" content=\"it_IT\" \/>\n<meta property=\"og:type\" content=\"article\" \/>\n<meta property=\"og:title\" content=\"Bei VR Room mitmachen! - Schweizer Virtual Reality News\" \/>\n<meta property=\"og:description\" content=\"[g1_row type=&#8221;stretched&#8221; color=&#8221;none&#8221; background_repeat=&#8221;repeat&#8221; background_position=&#8221;center top&#8221; background_attachment=&#8221;static&#8221; background_scroll=&#8221;none&#8221;] [g1_1of2 valign=&#8221;middle&#8221; animation=&#8221;none&#8221; color=&#8221;dark&#8221; background_color=&#8221;#0dc5dc&#8221;] [g1_space value=&#8221;3rem&#8221;] [\/g1_space] Werden Sie&hellip;\" \/>\n<meta property=\"og:url\" content=\"https:\/\/vr-room.ch\/it\/mitmachen\/\" \/>\n<meta property=\"og:site_name\" content=\"Schweizer Virtual Reality News\" \/>\n<meta property=\"article:modified_time\" content=\"2017-01-12T16:55:30+00:00\" \/>\n<meta name=\"twitter:card\" content=\"summary_large_image\" \/>\n<meta name=\"twitter:label1\" content=\"Tempo di lettura stimato\" \/>\n\t<meta name=\"twitter:data1\" content=\"3 minuti\" \/>\n<script type=\"application\/ld+json\" class=\"yoast-schema-graph\">{\"@context\":\"https:\/\/schema.org\",\"@graph\":[{\"@type\":\"WebPage\",\"@id\":\"https:\/\/vr-room.ch\/mitmachen\/\",\"url\":\"https:\/\/vr-room.ch\/mitmachen\/\",\"name\":\"Bei VR Room mitmachen! - Schweizer Virtual Reality News\",\"isPartOf\":{\"@id\":\"http:\/\/vr-room.ch\/en\/#website\"},\"datePublished\":\"2014-12-15T14:07:06+00:00\",\"dateModified\":\"2017-01-12T16:55:30+00:00\",\"breadcrumb\":{\"@id\":\"https:\/\/vr-room.ch\/mitmachen\/#breadcrumb\"},\"inLanguage\":\"it-IT\",\"potentialAction\":[{\"@type\":\"ReadAction\",\"target\":[\"https:\/\/vr-room.ch\/mitmachen\/\"]}]},{\"@type\":\"BreadcrumbList\",\"@id\":\"https:\/\/vr-room.ch\/mitmachen\/#breadcrumb\",\"itemListElement\":[{\"@type\":\"ListItem\",\"position\":1,\"name\":\"Startseite\",\"item\":\"http:\/\/vr-room.ch\/en\/\"},{\"@type\":\"ListItem\",\"position\":2,\"name\":\"Bei VR Room mitmachen!\"}]},{\"@type\":\"WebSite\",\"@id\":\"http:\/\/vr-room.ch\/en\/#website\",\"url\":\"http:\/\/vr-room.ch\/en\/\",\"name\":\"Schweizer Virtual Reality News\",\"description\":\"\",\"potentialAction\":[{\"@type\":\"SearchAction\",\"target\":{\"@type\":\"EntryPoint\",\"urlTemplate\":\"http:\/\/vr-room.ch\/en\/?s={search_term_string}\"},\"query-input\":\"required name=search_term_string\"}],\"inLanguage\":\"it-IT\"}]}<\/script>\n<!-- \/ Yoast SEO plugin. -->","yoast_head_json":{"title":"Bei VR Room mitmachen! - Schweizer Virtual Reality News","robots":{"index":"index","follow":"follow","max-snippet":"max-snippet:-1","max-image-preview":"max-image-preview:large","max-video-preview":"max-video-preview:-1"},"canonical":"https:\/\/vr-room.ch\/it\/mitmachen\/","og_locale":"it_IT","og_type":"article","og_title":"Bei VR Room mitmachen! - Schweizer Virtual Reality News","og_description":"[g1_row type=&#8221;stretched&#8221; color=&#8221;none&#8221; background_repeat=&#8221;repeat&#8221; background_position=&#8221;center top&#8221; background_attachment=&#8221;static&#8221; background_scroll=&#8221;none&#8221;] [g1_1of2 valign=&#8221;middle&#8221; animation=&#8221;none&#8221; color=&#8221;dark&#8221; background_color=&#8221;#0dc5dc&#8221;] [g1_space value=&#8221;3rem&#8221;] [\/g1_space] Werden Sie&hellip;","og_url":"https:\/\/vr-room.ch\/it\/mitmachen\/","og_site_name":"Schweizer Virtual Reality News","article_modified_time":"2017-01-12T16:55:30+00:00","twitter_card":"summary_large_image","twitter_misc":{"Tempo di lettura stimato":"3 minuti"},"schema":{"@context":"https:\/\/schema.org","@graph":[{"@type":"WebPage","@id":"https:\/\/vr-room.ch\/mitmachen\/","url":"https:\/\/vr-room.ch\/mitmachen\/","name":"Bei VR Room mitmachen! - Schweizer Virtual Reality News","isPartOf":{"@id":"http:\/\/vr-room.ch\/en\/#website"},"datePublished":"2014-12-15T14:07:06+00:00","dateModified":"2017-01-12T16:55:30+00:00","breadcrumb":{"@id":"https:\/\/vr-room.ch\/mitmachen\/#breadcrumb"},"inLanguage":"it-IT","potentialAction":[{"@type":"ReadAction","target":["https:\/\/vr-room.ch\/mitmachen\/"]}]},{"@type":"BreadcrumbList","@id":"https:\/\/vr-room.ch\/mitmachen\/#breadcrumb","itemListElement":[{"@type":"ListItem","position":1,"name":"Startseite","item":"http:\/\/vr-room.ch\/en\/"},{"@type":"ListItem","position":2,"name":"Bei VR Room mitmachen!"}]},{"@type":"WebSite","@id":"http:\/\/vr-room.ch\/en\/#website","url":"http:\/\/vr-room.ch\/en\/","name":"Schweizer Virtual Reality News","description":"","potentialAction":[{"@type":"SearchAction","target":{"@type":"EntryPoint","urlTemplate":"http:\/\/vr-room.ch\/en\/?s={search_term_string}"},"query-input":"required name=search_term_string"}],"inLanguage":"it-IT"}]}},"_links":{"self":[{"href":"https:\/\/vr-room.ch\/it\/wp-json\/wp\/v2\/pages\/1808"}],"collection":[{"href":"https:\/\/vr-room.ch\/it\/wp-json\/wp\/v2\/pages"}],"about":[{"href":"https:\/\/vr-room.ch\/it\/wp-json\/wp\/v2\/types\/page"}],"author":[{"embeddable":true,"href":"https:\/\/vr-room.ch\/it\/wp-json\/wp\/v2\/users\/1"}],"replies":[{"embeddable":true,"href":"https:\/\/vr-room.ch\/it\/wp-json\/wp\/v2\/comments?post=1808"}],"version-history":[{"count":0,"href":"https:\/\/vr-room.ch\/it\/wp-json\/wp\/v2\/pages\/1808\/revisions"}],"wp:attachment":[{"href":"https:\/\/vr-room.ch\/it\/wp-json\/wp\/v2\/media?parent=1808"}],"curies":[{"name":"wp","href":"https:\/\/api.w.org\/{rel}","templated":true}]}}