{"id":2741,"date":"2016-09-14T13:06:31","date_gmt":"2016-09-14T13:06:31","guid":{"rendered":"http:\/\/vr-room.ch\/?page_id=2741"},"modified":"2019-04-10T17:57:13","modified_gmt":"2019-04-10T17:57:13","slug":"haftung-und-datenschutz","status":"publish","type":"page","link":"https:\/\/vr-room.ch\/fr\/haftung-und-datenschutz\/","title":{"rendered":"Responsabilit\u00e9 et protection des donn\u00e9es"},"content":{"rendered":"<p><strong>Clause de non-responsabilit\u00e9<\/strong><\/p>\n<p>VRROOM Suisse c\/o weissfels GmbH n'assume aucune responsabilit\u00e9 quant \u00e0 l'actualit\u00e9, l'exactitude, l'exhaustivit\u00e9 ou la qualit\u00e9 des informations mises \u00e0 disposition. Toute pr\u00e9tention en responsabilit\u00e9 \u00e0 l'encontre de VRROOM Schweiz c\/o weissfels GmbH se rapportant \u00e0 des dommages mat\u00e9riels ou immat\u00e9riels caus\u00e9s par l'utilisation ou la non-utilisation des informations pr\u00e9sent\u00e9es ou par l'utilisation d'informations erron\u00e9es ou incompl\u00e8tes est en principe exclue, dans la mesure o\u00f9 il n'est pas prouv\u00e9 que VRROOM Schweiz c\/o weissfels GmbH a commis une faute intentionnelle ou une n\u00e9gligence grave.<\/p>\n<p>Toutes les offres sont sans engagement et non contractuelles. VRROOM Suisse c\/o weissfels GmbH se r\u00e9serve express\u00e9ment le droit de modifier, de compl\u00e9ter ou de supprimer des parties de pages ou l'ensemble de l'offre sans avis pr\u00e9alable, ou d'en suspendre temporairement ou d\u00e9finitivement la publication.<\/p>\n<p><strong>Responsabilit\u00e9 pour les liens<\/strong><\/p>\n<p>Les renvois et liens vers des sites web de tiers ne rel\u00e8vent pas de notre responsabilit\u00e9. Nous d\u00e9clinons toute responsabilit\u00e9 pour de tels sites. L'acc\u00e8s \u00e0 de tels sites et leur utilisation se font aux risques et p\u00e9rils de l'utilisateur ou de l'utilisatrice.<\/p>\n<p><strong>Droit d'auteur et droit des marques<\/strong><\/p>\n<p>La VR VRROOM Schweiz c\/o weissfels GmbH s'efforce de respecter dans toutes les publications les droits d'auteur des images, graphiques, documents sonores, s\u00e9quences vid\u00e9o et textes utilis\u00e9s, d'utiliser des images, graphiques, documents sonores, s\u00e9quences vid\u00e9o et textes qu'elle a elle-m\u00eame cr\u00e9\u00e9s ou de recourir \u00e0 des graphiques, documents sonores, s\u00e9quences vid\u00e9o et textes libres de droits.<\/p>\n<p>Toutes les marques et marques d\u00e9pos\u00e9es mentionn\u00e9es dans l'offre Internet et \u00e9ventuellement prot\u00e9g\u00e9es par des tiers sont soumises sans restriction aux dispositions du droit des marques en vigueur et aux droits de propri\u00e9t\u00e9 des propri\u00e9taires enregistr\u00e9s respectifs. La simple mention d'une marque ne permet pas d'en d\u00e9duire qu'elle n'est pas prot\u00e9g\u00e9e par les droits d'un tiers !<\/p>\n<p>Le copyright des objets publi\u00e9s et cr\u00e9\u00e9s par VRROOM Schweiz c\/o weissfels GmbH reste la propri\u00e9t\u00e9 exclusive de VRROOM Schweiz c\/o weissfels GmbH. Toute reproduction ou utilisation de tels graphiques, documents sonores, s\u00e9quences vid\u00e9o et textes dans d'autres publications \u00e9lectroniques ou imprim\u00e9es est interdite sans l'autorisation expresse de VRROOM Schweiz c\/o weissfels GmbH.<\/p>\n<p><strong>Dispositions g\u00e9n\u00e9rales relatives \u00e0 la protection des donn\u00e9es<\/strong><\/p>\n<p>Dans la mesure o\u00f9 l'offre Internet permet de saisir des donn\u00e9es personnelles ou professionnelles (adresses e-mail, noms, adresses), la divulgation de ces donn\u00e9es par l'utilisateur se fait express\u00e9ment sur une base volontaire. L'utilisation et le paiement de tous les services propos\u00e9s sont autoris\u00e9s - dans la mesure o\u00f9 cela est techniquement possible et raisonnable - m\u00eame sans indication de telles donn\u00e9es ou en indiquant des donn\u00e9es anonymes ou un pseudonyme. L'utilisation par des tiers des donn\u00e9es de contact publi\u00e9es dans le cadre des mentions l\u00e9gales ou d'indications comparables, telles que les adresses postales, les num\u00e9ros de t\u00e9l\u00e9phone et de fax ainsi que les adresses e-mail, pour l'envoi d'informations non express\u00e9ment demand\u00e9es est interdite. Nous nous r\u00e9servons express\u00e9ment le droit d'engager des poursuites judiciaires contre les exp\u00e9diteurs de spams en cas de non-respect de cette interdiction.<\/p>\n<p><strong>D\u00e9claration de protection des donn\u00e9es pour l'utilisation des plugins Facebook (bouton \"J'aime\")<\/strong><\/p>\n<p>Sur nos pages sont int\u00e9gr\u00e9s des plugins du r\u00e9seau social Facebook, 1601 South California Avenue, Palo Alto, CA 94304, USA. Les plugins Facebook sont reconnaissables au logo Facebook ou au bouton \"Like\" (\"J'aime\") sur notre site. Un aper\u00e7u des plugins Facebook se trouve ici :\u00a0<a href=\"http:\/\/developers.facebook.com\/docs\/plugins\/\">http:\/\/developers.facebook.com\/docs\/plugins\/<\/a>.<\/p>\n<p>Lorsque vous visitez nos pages, une connexion directe entre votre navigateur et le serveur Facebook est \u00e9tablie via le plugin. Facebook re\u00e7oit ainsi l'information que vous avez visit\u00e9 notre site avec votre adresse IP. Si vous cliquez sur le bouton \"J'aime\" de Facebook alors que vous \u00eates connect\u00e9 \u00e0 votre compte Facebook, vous pouvez lier le contenu de nos pages \u00e0 votre profil Facebook. Facebook peut ainsi attribuer la visite de nos pages \u00e0 votre compte d'utilisateur. Nous attirons votre attention sur le fait qu'en tant que fournisseur des pages, nous n'avons pas connaissance du contenu des donn\u00e9es transmises ni de leur utilisation par Facebook. Vous trouverez de plus amples informations \u00e0 ce sujet dans la d\u00e9claration de protection des donn\u00e9es de facebook sous\u00a0<a href=\"https:\/\/www.facebook.com\/about\/privacy\/\">https:\/\/www.facebook.com\/about\/privacy\/<\/a>.<\/p>\n<p>Si vous ne souhaitez pas que Facebook puisse attribuer la visite de nos pages \u00e0 votre compte d'utilisateur Facebook, d\u00e9connectez-vous de votre compte d'utilisateur Facebook.<\/p>\n<p><strong>D\u00e9claration de confidentialit\u00e9 pour l'utilisation de Google Analytics<\/strong><\/p>\n<p>Ce site web utilise Google Analytics, un service d'analyse web de Google Inc (\"Google\"). Google Analytics utilise des \"cookies\", des fichiers texte qui sont enregistr\u00e9s sur votre ordinateur et qui permettent d'analyser votre utilisation du site web. Les informations g\u00e9n\u00e9r\u00e9es par le cookie concernant votre utilisation de ce site web sont g\u00e9n\u00e9ralement transmises \u00e0 un serveur de Google aux \u00c9tats-Unis et y sont enregistr\u00e9es. En cas d'activation de l'anonymisation IP sur ce site, votre adresse IP sera toutefois pr\u00e9alablement abr\u00e9g\u00e9e par Google dans les \u00c9tats membres de l'Union europ\u00e9enne ou dans d'autres \u00c9tats signataires de l'accord sur l'Espace \u00e9conomique europ\u00e9en.<\/p>\n<p>Ce n'est que dans des cas exceptionnels que l'adresse IP compl\u00e8te est transmise \u00e0 un serveur de Google aux \u00c9tats-Unis et y est abr\u00e9g\u00e9e. Google utilisera cette information dans le but d'\u00e9valuer votre utilisation du site, de compiler des rapports sur l'activit\u00e9 du site \u00e0 destination de son \u00e9diteur et de fournir d'autres services relatifs \u00e0 l'activit\u00e9 du site et \u00e0 l'utilisation d'Internet. Le cas \u00e9ch\u00e9ant, Google transmettra \u00e9galement ces informations \u00e0 des tiers, dans la mesure o\u00f9 cela est prescrit par la loi ou si des tiers traitent ces donn\u00e9es pour le compte de Google. L'adresse IP transmise par votre navigateur dans le cadre de Google Analytics ne sera pas recoup\u00e9e avec d'autres donn\u00e9es de Google.<\/p>\n<p>Vous pouvez emp\u00eacher l'installation des cookies en param\u00e9trant votre navigateur en cons\u00e9quence ; nous attirons toutefois votre attention sur le fait que, dans ce cas, vous ne pourrez peut-\u00eatre pas utiliser toutes les fonctions de ce site web dans leur int\u00e9gralit\u00e9. En utilisant ce site web, vous acceptez que les donn\u00e9es collect\u00e9es \u00e0 votre sujet par Google soient trait\u00e9es de la mani\u00e8re et aux fins d\u00e9crites ci-dessus.<\/p>\n<p>La pr\u00e9sente exclusion de responsabilit\u00e9 doit \u00eatre consid\u00e9r\u00e9e comme faisant partie int\u00e9grante de l'offre Internet \u00e0 partir de laquelle il a \u00e9t\u00e9 renvoy\u00e9 \u00e0 cette page. Si des parties ou certaines formulations de ce texte ne devaient pas, plus ou pas enti\u00e8rement correspondre \u00e0 la situation juridique en vigueur, les autres parties du document n'en seraient pas affect\u00e9es dans leur contenu et leur validit\u00e9.<\/p>","protected":false},"excerpt":{"rendered":"Haftungsausschluss Die VRROOM Schweiz c\/o weissfels GmbH \u00fcbernimmt keinerlei Gew\u00e4hr f\u00fcr die Aktualit\u00e4t, Korrektheit, Vollst\u00e4ndigkeit oder Qualit\u00e4t der&hellip;","protected":false},"author":1,"featured_media":0,"parent":0,"menu_order":0,"comment_status":"closed","ping_status":"open","template":"","meta":{"footnotes":""},"yoast_head":"<!-- This site is optimized with the Yoast SEO plugin v22.3 - https:\/\/yoast.com\/wordpress\/plugins\/seo\/ -->\n<title>Haftung und Datenschutz - Schweizer Virtual Reality News<\/title>\n<meta name=\"robots\" content=\"index, follow, max-snippet:-1, max-image-preview:large, max-video-preview:-1\" \/>\n<link rel=\"canonical\" href=\"https:\/\/vr-room.ch\/fr\/haftung-und-datenschutz\/\" \/>\n<meta property=\"og:locale\" content=\"fr_FR\" \/>\n<meta property=\"og:type\" content=\"article\" \/>\n<meta property=\"og:title\" content=\"Haftung und Datenschutz - Schweizer Virtual Reality News\" \/>\n<meta property=\"og:description\" content=\"Haftungsausschluss Die VRROOM Schweiz c\/o weissfels GmbH \u00fcbernimmt keinerlei Gew\u00e4hr f\u00fcr die Aktualit\u00e4t, Korrektheit, Vollst\u00e4ndigkeit oder Qualit\u00e4t der&hellip;\" \/>\n<meta property=\"og:url\" content=\"https:\/\/vr-room.ch\/fr\/haftung-und-datenschutz\/\" \/>\n<meta property=\"og:site_name\" content=\"Schweizer Virtual Reality News\" \/>\n<meta property=\"article:modified_time\" content=\"2019-04-10T17:57:13+00:00\" \/>\n<meta name=\"twitter:card\" content=\"summary_large_image\" \/>\n<meta name=\"twitter:label1\" content=\"Dur\u00e9e de lecture estim\u00e9e\" \/>\n\t<meta name=\"twitter:data1\" content=\"5 minutes\" \/>\n<script type=\"application\/ld+json\" class=\"yoast-schema-graph\">{\"@context\":\"https:\/\/schema.org\",\"@graph\":[{\"@type\":\"WebPage\",\"@id\":\"https:\/\/vr-room.ch\/haftung-und-datenschutz\/\",\"url\":\"https:\/\/vr-room.ch\/haftung-und-datenschutz\/\",\"name\":\"Haftung und Datenschutz - Schweizer Virtual Reality News\",\"isPartOf\":{\"@id\":\"http:\/\/vr-room.ch\/en\/#website\"},\"datePublished\":\"2016-09-14T13:06:31+00:00\",\"dateModified\":\"2019-04-10T17:57:13+00:00\",\"breadcrumb\":{\"@id\":\"https:\/\/vr-room.ch\/haftung-und-datenschutz\/#breadcrumb\"},\"inLanguage\":\"fr-FR\",\"potentialAction\":[{\"@type\":\"ReadAction\",\"target\":[\"https:\/\/vr-room.ch\/haftung-und-datenschutz\/\"]}]},{\"@type\":\"BreadcrumbList\",\"@id\":\"https:\/\/vr-room.ch\/haftung-und-datenschutz\/#breadcrumb\",\"itemListElement\":[{\"@type\":\"ListItem\",\"position\":1,\"name\":\"Startseite\",\"item\":\"http:\/\/vr-room.ch\/en\/\"},{\"@type\":\"ListItem\",\"position\":2,\"name\":\"Haftung und Datenschutz\"}]},{\"@type\":\"WebSite\",\"@id\":\"http:\/\/vr-room.ch\/en\/#website\",\"url\":\"http:\/\/vr-room.ch\/en\/\",\"name\":\"Schweizer Virtual Reality News\",\"description\":\"\",\"potentialAction\":[{\"@type\":\"SearchAction\",\"target\":{\"@type\":\"EntryPoint\",\"urlTemplate\":\"http:\/\/vr-room.ch\/en\/?s={search_term_string}\"},\"query-input\":\"required name=search_term_string\"}],\"inLanguage\":\"fr-FR\"}]}<\/script>\n<!-- \/ Yoast SEO plugin. -->","yoast_head_json":{"title":"Haftung und Datenschutz - Schweizer Virtual Reality News","robots":{"index":"index","follow":"follow","max-snippet":"max-snippet:-1","max-image-preview":"max-image-preview:large","max-video-preview":"max-video-preview:-1"},"canonical":"https:\/\/vr-room.ch\/fr\/haftung-und-datenschutz\/","og_locale":"fr_FR","og_type":"article","og_title":"Haftung und Datenschutz - Schweizer Virtual Reality News","og_description":"Haftungsausschluss Die VRROOM Schweiz c\/o weissfels GmbH \u00fcbernimmt keinerlei Gew\u00e4hr f\u00fcr die Aktualit\u00e4t, Korrektheit, Vollst\u00e4ndigkeit oder Qualit\u00e4t der&hellip;","og_url":"https:\/\/vr-room.ch\/fr\/haftung-und-datenschutz\/","og_site_name":"Schweizer Virtual Reality News","article_modified_time":"2019-04-10T17:57:13+00:00","twitter_card":"summary_large_image","twitter_misc":{"Dur\u00e9e de lecture estim\u00e9e":"5 minutes"},"schema":{"@context":"https:\/\/schema.org","@graph":[{"@type":"WebPage","@id":"https:\/\/vr-room.ch\/haftung-und-datenschutz\/","url":"https:\/\/vr-room.ch\/haftung-und-datenschutz\/","name":"Haftung und Datenschutz - Schweizer Virtual Reality News","isPartOf":{"@id":"http:\/\/vr-room.ch\/en\/#website"},"datePublished":"2016-09-14T13:06:31+00:00","dateModified":"2019-04-10T17:57:13+00:00","breadcrumb":{"@id":"https:\/\/vr-room.ch\/haftung-und-datenschutz\/#breadcrumb"},"inLanguage":"fr-FR","potentialAction":[{"@type":"ReadAction","target":["https:\/\/vr-room.ch\/haftung-und-datenschutz\/"]}]},{"@type":"BreadcrumbList","@id":"https:\/\/vr-room.ch\/haftung-und-datenschutz\/#breadcrumb","itemListElement":[{"@type":"ListItem","position":1,"name":"Startseite","item":"http:\/\/vr-room.ch\/en\/"},{"@type":"ListItem","position":2,"name":"Haftung und Datenschutz"}]},{"@type":"WebSite","@id":"http:\/\/vr-room.ch\/en\/#website","url":"http:\/\/vr-room.ch\/en\/","name":"Schweizer Virtual Reality News","description":"","potentialAction":[{"@type":"SearchAction","target":{"@type":"EntryPoint","urlTemplate":"http:\/\/vr-room.ch\/en\/?s={search_term_string}"},"query-input":"required name=search_term_string"}],"inLanguage":"fr-FR"}]}},"_links":{"self":[{"href":"https:\/\/vr-room.ch\/fr\/wp-json\/wp\/v2\/pages\/2741"}],"collection":[{"href":"https:\/\/vr-room.ch\/fr\/wp-json\/wp\/v2\/pages"}],"about":[{"href":"https:\/\/vr-room.ch\/fr\/wp-json\/wp\/v2\/types\/page"}],"author":[{"embeddable":true,"href":"https:\/\/vr-room.ch\/fr\/wp-json\/wp\/v2\/users\/1"}],"replies":[{"embeddable":true,"href":"https:\/\/vr-room.ch\/fr\/wp-json\/wp\/v2\/comments?post=2741"}],"version-history":[{"count":0,"href":"https:\/\/vr-room.ch\/fr\/wp-json\/wp\/v2\/pages\/2741\/revisions"}],"wp:attachment":[{"href":"https:\/\/vr-room.ch\/fr\/wp-json\/wp\/v2\/media?parent=2741"}],"curies":[{"name":"wp","href":"https:\/\/api.w.org\/{rel}","templated":true}]}}