{"id":21692,"date":"2023-10-06T07:13:33","date_gmt":"2023-10-06T07:13:33","guid":{"rendered":"https:\/\/vr-room.ch\/?page_id=21692"},"modified":"2023-12-12T12:36:40","modified_gmt":"2023-12-12T12:36:40","slug":"newsletter","status":"publish","type":"page","link":"https:\/\/vr-room.ch\/fr\/newsletter\/","title":{"rendered":"Inscription \u00e0 la newsletter"},"content":{"rendered":"<p><h4 id=\"keine-vr-news-verpassen\">Ne pas manquer les actualit\u00e9s VR ?<\/h4><\/p>\n\n\n\n<p>Tu veux \u00eatre au courant de toutes les actualit\u00e9s de la branche, des tests pratiques et de la sc\u00e8ne VR suisse ? Alors abonne-toi \u00e0 notre newsletter VR. Tu recevras ainsi environ une fois par semaine nos derni\u00e8res mises \u00e0 jour VR.<\/p>\n\n\n\n<div id=\"mc_embed_shell\">\n      <link href=\"\/\/cdn-images.mailchimp.com\/embedcode\/classic-061523.css\" rel=\"stylesheet\" type=\"text\/css\">\n  <style type=\"text\/css\">\n        #mc_embed_signup{background:#fff; false;clear:left; font:14px Helvetica,Arial,sans-serif; width: 600px;}\n        \/* Add your own Mailchimp form style overrides in your site stylesheet or in this style block.\n           We recommend moving this block and the preceding CSS link to the HEAD of your HTML file. *\/\n<\/style><style type=\"text\/css\">\n        #mc-embedded-subscribe-form input[type=checkbox]{display: inline; width: auto;margin-right: 10px;}\n#mergeRow-gdpr {margin-top: 20px;}\n#mergeRow-gdpr fieldset label {font-weight: normal;}\n#mc-embedded-subscribe-form .mc_fieldset{border:none;min-height: 0px;padding-bottom:0px;}\n<\/style>\n<div id=\"mc_embed_signup\">\n    <form action=\"https:\/\/vr-room.us21.list-manage.com\/subscribe\/post?u=cdff755dfa47a249649394df8&#038;id=73f7d8d961&#038;v_id=136&#038;f_id=0016e1e6f0\" method=\"post\" id=\"mc-embedded-subscribe-form\" name=\"mc-embedded-subscribe-form\" class=\"validate\" target=\"_blank\" data-trp-original-action=\"https:\/\/vr-room.us21.list-manage.com\/subscribe\/post?u=cdff755dfa47a249649394df8&amp;id=73f7d8d961&amp;v_id=136&amp;f_id=0016e1e6f0\">\n        <div id=\"mc_embed_signup_scroll\"><h2 id=\"subscribe\">S'abonner<\/h2>\n            <div class=\"indicates-required\"><span class=\"asterisk\">*<\/span> indique requis<\/div>\n            <div class=\"mc-field-group\"><label for=\"mce-EMAIL\">Adresse \u00e9lectronique <span class=\"asterisk\">*<\/span><\/label><input type=\"email\" name=\"EMAIL\" class=\"required email\" id=\"mce-EMAIL\" required=\"\" value=\"\"><\/div><div id=\"mergeRow-gdpr\" class=\"mergeRow gdpr-mergeRow content__gdprBlock mc-field-group\"><div class=\"content__gdpr\"><label>Ne pas manquer les actualit\u00e9s VR ? <\/label><p>Tu veux \u00eatre au courant de toutes les actualit\u00e9s de la branche, des tests pratiques et de la sc\u00e8ne VR suisse ? Alors abonne-toi \u00e0 notre newsletter VR. Tu recevras ainsi environ une fois par semaine nos derni\u00e8res mises \u00e0 jour VR.\n<\/p><fieldset class=\"mc_fieldset gdprRequired mc-field-group\" name=\"interestgroup_field\"><label class=\"checkbox subfield\" for=\"gdpr471\"><input type=\"checkbox\" id=\"gdpr_471\" name=\"gdpr[471]\" class=\"gdpr\" value=\"Y\"><span>Courrier \u00e9lectronique<\/span><\/label><\/fieldset><p>Tu peux te d\u00e9sinscrire \u00e0 tout moment en cliquant sur le lien \"Unsubscribe\" dans l'e-mail.<\/p><\/div><div class=\"content__gdprLegal\"><p>Nous utilisons Mailchimp comme notre plateforme de marketing. En cliquant ci-dessous pour vous abonner, vous reconnaissez que vos informations seront transf\u00e9r\u00e9es \u00e0 Mailchimp pour traitement. <a href=\"https:\/\/mailchimp.com\/legal\/terms\">Learn more<\/a> sur les pratiques de Mailchimp en mati\u00e8re de confidentialit\u00e9.<\/p><\/div><\/div>\n        <div id=\"mce-responses\" class=\"clear foot\">\n            <div class=\"response\" id=\"mce-error-response\" style=\"display: none;\"><\/div>\n            <div class=\"response\" id=\"mce-success-response\" style=\"display: none;\"><\/div>\n        <\/div>\n    <div aria-hidden=\"true\" style=\"position: absolute; left: -5000px;\">\n        \/* les vraies personnes ne doivent pas remplir ce formulaire et s'attendre \u00e0 de bonnes choses - ne supprimez pas ce formulaire ou risquez des signatures de bot *\/\n        <input type=\"text\" name=\"b_cdff755dfa47a249649394df8_73f7d8d961\" tabindex=\"-1\" value=\"\">\n    <\/div>\n        <div class=\"optionalParent\">\n            <div class=\"clear foot\">\n                <input type=\"submit\" name=\"subscribe\" id=\"mc-embedded-subscribe\" class=\"button\" value=\"S&#039;abonner\">\n                <p style=\"margin: 0px auto;\"><a href=\"http:\/\/eepurl.com\/iztgJo\" title=\"Mailchimp - le marketing par e-mail facile et amusant\"><span style=\"display: inline-block; background-color: transparent; border-radius: 4px;\"><img decoding=\"async\" class=\"refferal_badge\" src=\"https:\/\/digitalasset.intuit.com\/render\/content\/dam\/intuit\/mc-fe\/en_us\/images\/intuit-mc-rewards-text-dark.svg\" alt=\"Intuit Mailchimp\" style=\"width: 220px; height: 40px; display: flex; padding: 2px 0px; justify-content: center; align-items: center;\"><\/span><\/a><\/p>\n            <\/div>\n        <\/div>\n    <\/div>\n<input type=\"hidden\" name=\"trp-form-language\" value=\"fr\"\/><\/form>\n<\/div>\n<script type=\"text\/javascript\" src=\"\/\/s3.amazonaws.com\/downloads.mailchimp.com\/js\/mc-validate.js\"><\/script><script type=\"text\/javascript\">(function($) {window.fnames = new Array(); window.ftypes = new Array();fnames[0]='EMAIL';ftypes[0]='email';fnames[1]='FNAME';ftypes[1]='text';fnames[2]='LNAME';ftypes[2]='text';fnames[3]='ADDRESS';ftypes[3]='address';fnames[4]='PHONE';ftypes[4]='phone';fnames[5]='BIRTHDAY';ftypes[5]='birthday';\/*\n * Translated default messages for the $ validation plugin.\n * Locale: DE\n *\/\n$.extend($.validator.messages, {\n\trequired: \"Dieses Feld ist ein Pflichtfeld.\",\n\tmaxlength: $.validator.format(\"Geben Sie bitte maximal {0} Zeichen ein.\"),\n\tminlength: $.validator.format(\"Geben Sie bitte mindestens {0} Zeichen ein.\"),\n\trangelength: $.validator.format(\"Geben Sie bitte mindestens {0} und maximal {1} Zeichen ein.\"),\n\temail: \"Geben Sie bitte eine g\u00fcltige E-Mail Adresse ein.\",\n\turl: \"Geben Sie bitte eine g\u00fcltige URL ein.\",\n\tdate: \"Bitte geben Sie ein g\u00fcltiges Datum ein.\",\n\tnumber: \"Geben Sie bitte eine Nummer ein.\",\n\tdigits: \"Geben Sie bitte nur Ziffern ein.\",\n\tequalTo: \"Bitte denselben Wert wiederholen.\",\n\trange: $.validator.format(\"Geben Sie bitten einen Wert zwischen {0} und {1}.\"),\n\tmax: $.validator.format(\"Geben Sie bitte einen Wert kleiner oder gleich {0} ein.\"),\n\tmin: $.validator.format(\"Geben Sie bitte einen Wert gr\u00f6\u00dfer oder gleich {0} ein.\"),\n\tcreditcard: \"Geben Sie bitte ein g\u00fcltige Kreditkarten-Nummer ein.\"\n});}(jQuery));var $mcj = jQuery.noConflict(true);<\/script><\/div>","protected":false},"excerpt":{"rendered":"Ne pas manquer les actualit\u00e9s VR ? Tu veux \u00eatre au courant de toutes les derni\u00e8res nouvelles de la branche, des tests pratiques et de la sc\u00e8ne VR suisse ?","protected":false},"author":15,"featured_media":0,"parent":0,"menu_order":0,"comment_status":"closed","ping_status":"closed","template":"","meta":{"footnotes":""},"yoast_head":"<!-- This site is optimized with the Yoast SEO plugin v22.3 - https:\/\/yoast.com\/wordpress\/plugins\/seo\/ -->\n<title>Newsletter-Anmeldung - Schweizer Virtual Reality News<\/title>\n<meta name=\"description\" content=\"Keine VR-News mehr verpassen? Dann abonniere unseren VR-Newsletter. So erh\u00e4ltst Du ca. einmal pro Woche unsere neusten VR-Updates.\" \/>\n<meta name=\"robots\" content=\"index, follow, max-snippet:-1, max-image-preview:large, max-video-preview:-1\" \/>\n<link rel=\"canonical\" href=\"https:\/\/vr-room.ch\/fr\/newsletter\/\" \/>\n<meta property=\"og:locale\" content=\"fr_FR\" \/>\n<meta property=\"og:type\" content=\"article\" \/>\n<meta property=\"og:title\" content=\"Newsletter-Anmeldung - Schweizer Virtual Reality News\" \/>\n<meta property=\"og:description\" content=\"Keine VR-News mehr verpassen? Dann abonniere unseren VR-Newsletter. So erh\u00e4ltst Du ca. einmal pro Woche unsere neusten VR-Updates.\" \/>\n<meta property=\"og:url\" content=\"https:\/\/vr-room.ch\/fr\/newsletter\/\" \/>\n<meta property=\"og:site_name\" content=\"Schweizer Virtual Reality News\" \/>\n<meta property=\"article:modified_time\" content=\"2023-12-12T12:36:40+00:00\" \/>\n<meta property=\"og:image\" content=\"https:\/\/digitalasset.intuit.com\/render\/content\/dam\/intuit\/mc-fe\/en_us\/images\/intuit-mc-rewards-text-dark.svg\" \/>\n<meta name=\"twitter:card\" content=\"summary_large_image\" \/>\n<meta name=\"twitter:label1\" content=\"Dur\u00e9e de lecture estim\u00e9e\" \/>\n\t<meta name=\"twitter:data1\" content=\"1 minute\" \/>\n<script type=\"application\/ld+json\" class=\"yoast-schema-graph\">{\"@context\":\"https:\/\/schema.org\",\"@graph\":[{\"@type\":\"WebPage\",\"@id\":\"https:\/\/vr-room.ch\/newsletter\/\",\"url\":\"https:\/\/vr-room.ch\/newsletter\/\",\"name\":\"Newsletter-Anmeldung - Schweizer Virtual Reality News\",\"isPartOf\":{\"@id\":\"http:\/\/vr-room.ch\/en\/#website\"},\"primaryImageOfPage\":{\"@id\":\"https:\/\/vr-room.ch\/newsletter\/#primaryimage\"},\"image\":{\"@id\":\"https:\/\/vr-room.ch\/newsletter\/#primaryimage\"},\"thumbnailUrl\":\"https:\/\/digitalasset.intuit.com\/render\/content\/dam\/intuit\/mc-fe\/en_us\/images\/intuit-mc-rewards-text-dark.svg\",\"datePublished\":\"2023-10-06T07:13:33+00:00\",\"dateModified\":\"2023-12-12T12:36:40+00:00\",\"description\":\"Keine VR-News mehr verpassen? Dann abonniere unseren VR-Newsletter. So erh\u00e4ltst Du ca. einmal pro Woche unsere neusten VR-Updates.\",\"breadcrumb\":{\"@id\":\"https:\/\/vr-room.ch\/newsletter\/#breadcrumb\"},\"inLanguage\":\"fr-FR\",\"potentialAction\":[{\"@type\":\"ReadAction\",\"target\":[\"https:\/\/vr-room.ch\/newsletter\/\"]}]},{\"@type\":\"ImageObject\",\"inLanguage\":\"fr-FR\",\"@id\":\"https:\/\/vr-room.ch\/newsletter\/#primaryimage\",\"url\":\"https:\/\/digitalasset.intuit.com\/render\/content\/dam\/intuit\/mc-fe\/en_us\/images\/intuit-mc-rewards-text-dark.svg\",\"contentUrl\":\"https:\/\/digitalasset.intuit.com\/render\/content\/dam\/intuit\/mc-fe\/en_us\/images\/intuit-mc-rewards-text-dark.svg\"},{\"@type\":\"BreadcrumbList\",\"@id\":\"https:\/\/vr-room.ch\/newsletter\/#breadcrumb\",\"itemListElement\":[{\"@type\":\"ListItem\",\"position\":1,\"name\":\"Startseite\",\"item\":\"http:\/\/vr-room.ch\/en\/\"},{\"@type\":\"ListItem\",\"position\":2,\"name\":\"Newsletter-Anmeldung\"}]},{\"@type\":\"WebSite\",\"@id\":\"http:\/\/vr-room.ch\/en\/#website\",\"url\":\"http:\/\/vr-room.ch\/en\/\",\"name\":\"Schweizer Virtual Reality News\",\"description\":\"\",\"potentialAction\":[{\"@type\":\"SearchAction\",\"target\":{\"@type\":\"EntryPoint\",\"urlTemplate\":\"http:\/\/vr-room.ch\/en\/?s={search_term_string}\"},\"query-input\":\"required name=search_term_string\"}],\"inLanguage\":\"fr-FR\"}]}<\/script>\n<!-- \/ Yoast SEO plugin. -->","yoast_head_json":{"title":"Newsletter-Anmeldung - Schweizer Virtual Reality News","description":"Keine VR-News mehr verpassen? Dann abonniere unseren VR-Newsletter. So erh\u00e4ltst Du ca. einmal pro Woche unsere neusten VR-Updates.","robots":{"index":"index","follow":"follow","max-snippet":"max-snippet:-1","max-image-preview":"max-image-preview:large","max-video-preview":"max-video-preview:-1"},"canonical":"https:\/\/vr-room.ch\/fr\/newsletter\/","og_locale":"fr_FR","og_type":"article","og_title":"Newsletter-Anmeldung - Schweizer Virtual Reality News","og_description":"Keine VR-News mehr verpassen? Dann abonniere unseren VR-Newsletter. So erh\u00e4ltst Du ca. einmal pro Woche unsere neusten VR-Updates.","og_url":"https:\/\/vr-room.ch\/fr\/newsletter\/","og_site_name":"Schweizer Virtual Reality News","article_modified_time":"2023-12-12T12:36:40+00:00","og_image":[{"url":"https:\/\/digitalasset.intuit.com\/render\/content\/dam\/intuit\/mc-fe\/en_us\/images\/intuit-mc-rewards-text-dark.svg"}],"twitter_card":"summary_large_image","twitter_misc":{"Dur\u00e9e de lecture estim\u00e9e":"1 minute"},"schema":{"@context":"https:\/\/schema.org","@graph":[{"@type":"WebPage","@id":"https:\/\/vr-room.ch\/newsletter\/","url":"https:\/\/vr-room.ch\/newsletter\/","name":"Newsletter-Anmeldung - Schweizer Virtual Reality News","isPartOf":{"@id":"http:\/\/vr-room.ch\/en\/#website"},"primaryImageOfPage":{"@id":"https:\/\/vr-room.ch\/newsletter\/#primaryimage"},"image":{"@id":"https:\/\/vr-room.ch\/newsletter\/#primaryimage"},"thumbnailUrl":"https:\/\/digitalasset.intuit.com\/render\/content\/dam\/intuit\/mc-fe\/en_us\/images\/intuit-mc-rewards-text-dark.svg","datePublished":"2023-10-06T07:13:33+00:00","dateModified":"2023-12-12T12:36:40+00:00","description":"Keine VR-News mehr verpassen? Dann abonniere unseren VR-Newsletter. So erh\u00e4ltst Du ca. einmal pro Woche unsere neusten VR-Updates.","breadcrumb":{"@id":"https:\/\/vr-room.ch\/newsletter\/#breadcrumb"},"inLanguage":"fr-FR","potentialAction":[{"@type":"ReadAction","target":["https:\/\/vr-room.ch\/newsletter\/"]}]},{"@type":"ImageObject","inLanguage":"fr-FR","@id":"https:\/\/vr-room.ch\/newsletter\/#primaryimage","url":"https:\/\/digitalasset.intuit.com\/render\/content\/dam\/intuit\/mc-fe\/en_us\/images\/intuit-mc-rewards-text-dark.svg","contentUrl":"https:\/\/digitalasset.intuit.com\/render\/content\/dam\/intuit\/mc-fe\/en_us\/images\/intuit-mc-rewards-text-dark.svg"},{"@type":"BreadcrumbList","@id":"https:\/\/vr-room.ch\/newsletter\/#breadcrumb","itemListElement":[{"@type":"ListItem","position":1,"name":"Startseite","item":"http:\/\/vr-room.ch\/en\/"},{"@type":"ListItem","position":2,"name":"Newsletter-Anmeldung"}]},{"@type":"WebSite","@id":"http:\/\/vr-room.ch\/en\/#website","url":"http:\/\/vr-room.ch\/en\/","name":"Schweizer Virtual Reality News","description":"","potentialAction":[{"@type":"SearchAction","target":{"@type":"EntryPoint","urlTemplate":"http:\/\/vr-room.ch\/en\/?s={search_term_string}"},"query-input":"required name=search_term_string"}],"inLanguage":"fr-FR"}]}},"_links":{"self":[{"href":"https:\/\/vr-room.ch\/fr\/wp-json\/wp\/v2\/pages\/21692"}],"collection":[{"href":"https:\/\/vr-room.ch\/fr\/wp-json\/wp\/v2\/pages"}],"about":[{"href":"https:\/\/vr-room.ch\/fr\/wp-json\/wp\/v2\/types\/page"}],"author":[{"embeddable":true,"href":"https:\/\/vr-room.ch\/fr\/wp-json\/wp\/v2\/users\/15"}],"replies":[{"embeddable":true,"href":"https:\/\/vr-room.ch\/fr\/wp-json\/wp\/v2\/comments?post=21692"}],"version-history":[{"count":12,"href":"https:\/\/vr-room.ch\/fr\/wp-json\/wp\/v2\/pages\/21692\/revisions"}],"predecessor-version":[{"id":21872,"href":"https:\/\/vr-room.ch\/fr\/wp-json\/wp\/v2\/pages\/21692\/revisions\/21872"}],"wp:attachment":[{"href":"https:\/\/vr-room.ch\/fr\/wp-json\/wp\/v2\/media?parent=21692"}],"curies":[{"name":"wp","href":"https:\/\/api.w.org\/{rel}","templated":true}]}}