{"id":20016,"date":"2021-12-12T11:25:23","date_gmt":"2021-12-12T11:25:23","guid":{"rendered":"https:\/\/vr-room.ch\/?page_id=20016"},"modified":"2021-12-12T11:25:23","modified_gmt":"2021-12-12T11:25:23","slug":"impressum-und-kontakt","status":"publish","type":"page","link":"https:\/\/vr-room.ch\/fr\/impressum-und-kontakt\/","title":{"rendered":"Mentions l\u00e9gales et contact"},"content":{"rendered":"<p>VR-Room c\/o weissfels GmbH<br \/>\nSempacherstrasse 12<br \/>\n8032 Zurich<\/p>\n<p>Directeur g\u00e9n\u00e9ral : Sascha Komaromy<\/p>\n<p>Courrier \u00e9lectronique : vrroomblog@gmail.com<\/p>\n<p>Num\u00e9ro de TVA : CHE-444.118.465 TVA<\/p>","protected":false},"excerpt":{"rendered":"VR-Room c\/o weissfels GmbH Sempacherstrasse 12 8032 Z\u00fcrich Gesch\u00e4ftsf\u00fchrer: Sascha Komaromy Email: vrroomblog@gmail.com MWST-Nummer: CHE-444.118.465 MWST","protected":false},"author":1,"featured_media":0,"parent":0,"menu_order":0,"comment_status":"closed","ping_status":"closed","template":"","meta":{"footnotes":""},"class_list":{"0":"post-20016","1":"page","2":"type-page","3":"status-publish","5":"cs-entry","6":"cs-video-wrap"},"yoast_head":"<!-- This site is optimized with the Yoast SEO plugin v27.4 - https:\/\/yoast.com\/product\/yoast-seo-wordpress\/ -->\n<title>Impressum und Kontakt - Schweizer Virtual Reality News<\/title>\n<meta name=\"robots\" content=\"index, follow, max-snippet:-1, max-image-preview:large, max-video-preview:-1\" \/>\n<link rel=\"canonical\" href=\"https:\/\/vr-room.ch\/fr\/impressum-und-kontakt\/\" \/>\n<meta property=\"og:locale\" content=\"fr_FR\" \/>\n<meta property=\"og:type\" content=\"article\" \/>\n<meta property=\"og:title\" content=\"Impressum und Kontakt - Schweizer Virtual Reality News\" \/>\n<meta property=\"og:description\" content=\"VR-Room c\/o weissfels GmbH Sempacherstrasse 12 8032 Z\u00fcrich Gesch\u00e4ftsf\u00fchrer: Sascha Komaromy Email: vrroomblog@gmail.com MWST-Nummer: CHE-444.118.465 MWST\" \/>\n<meta property=\"og:url\" content=\"https:\/\/vr-room.ch\/fr\/impressum-und-kontakt\/\" \/>\n<meta property=\"og:site_name\" content=\"Schweizer Virtual Reality News\" \/>\n<meta name=\"twitter:card\" content=\"summary_large_image\" \/>\n<script type=\"application\/ld+json\" class=\"yoast-schema-graph\">{\"@context\":\"https:\\\/\\\/schema.org\",\"@graph\":[{\"@type\":\"WebPage\",\"@id\":\"https:\\\/\\\/vr-room.ch\\\/impressum-und-kontakt\\\/\",\"url\":\"https:\\\/\\\/vr-room.ch\\\/impressum-und-kontakt\\\/\",\"name\":\"Impressum und Kontakt - Schweizer Virtual Reality News\",\"isPartOf\":{\"@id\":\"http:\\\/\\\/vr-room.ch\\\/en\\\/#website\"},\"datePublished\":\"2021-12-12T11:25:23+00:00\",\"breadcrumb\":{\"@id\":\"https:\\\/\\\/vr-room.ch\\\/impressum-und-kontakt\\\/#breadcrumb\"},\"inLanguage\":\"fr-FR\",\"potentialAction\":[{\"@type\":\"ReadAction\",\"target\":[\"https:\\\/\\\/vr-room.ch\\\/impressum-und-kontakt\\\/\"]}]},{\"@type\":\"BreadcrumbList\",\"@id\":\"https:\\\/\\\/vr-room.ch\\\/impressum-und-kontakt\\\/#breadcrumb\",\"itemListElement\":[{\"@type\":\"ListItem\",\"position\":1,\"name\":\"Startseite\",\"item\":\"http:\\\/\\\/vr-room.ch\\\/en\\\/\"},{\"@type\":\"ListItem\",\"position\":2,\"name\":\"Impressum und Kontakt\"}]},{\"@type\":\"WebSite\",\"@id\":\"http:\\\/\\\/vr-room.ch\\\/en\\\/#website\",\"url\":\"http:\\\/\\\/vr-room.ch\\\/en\\\/\",\"name\":\"Schweizer Virtual Reality News\",\"description\":\"\",\"potentialAction\":[{\"@type\":\"SearchAction\",\"target\":{\"@type\":\"EntryPoint\",\"urlTemplate\":\"http:\\\/\\\/vr-room.ch\\\/en\\\/?s={search_term_string}\"},\"query-input\":{\"@type\":\"PropertyValueSpecification\",\"valueRequired\":true,\"valueName\":\"search_term_string\"}}],\"inLanguage\":\"fr-FR\"}]}<\/script>\n<!-- \/ Yoast SEO plugin. -->","yoast_head_json":{"title":"Impressum und Kontakt - Schweizer Virtual Reality News","robots":{"index":"index","follow":"follow","max-snippet":"max-snippet:-1","max-image-preview":"max-image-preview:large","max-video-preview":"max-video-preview:-1"},"canonical":"https:\/\/vr-room.ch\/fr\/impressum-und-kontakt\/","og_locale":"fr_FR","og_type":"article","og_title":"Impressum und Kontakt - Schweizer Virtual Reality News","og_description":"VR-Room c\/o weissfels GmbH Sempacherstrasse 12 8032 Z\u00fcrich Gesch\u00e4ftsf\u00fchrer: Sascha Komaromy Email: vrroomblog@gmail.com MWST-Nummer: CHE-444.118.465 MWST","og_url":"https:\/\/vr-room.ch\/fr\/impressum-und-kontakt\/","og_site_name":"Schweizer Virtual Reality News","twitter_card":"summary_large_image","schema":{"@context":"https:\/\/schema.org","@graph":[{"@type":"WebPage","@id":"https:\/\/vr-room.ch\/impressum-und-kontakt\/","url":"https:\/\/vr-room.ch\/impressum-und-kontakt\/","name":"Impressum und Kontakt - Schweizer Virtual Reality News","isPartOf":{"@id":"http:\/\/vr-room.ch\/en\/#website"},"datePublished":"2021-12-12T11:25:23+00:00","breadcrumb":{"@id":"https:\/\/vr-room.ch\/impressum-und-kontakt\/#breadcrumb"},"inLanguage":"fr-FR","potentialAction":[{"@type":"ReadAction","target":["https:\/\/vr-room.ch\/impressum-und-kontakt\/"]}]},{"@type":"BreadcrumbList","@id":"https:\/\/vr-room.ch\/impressum-und-kontakt\/#breadcrumb","itemListElement":[{"@type":"ListItem","position":1,"name":"Startseite","item":"http:\/\/vr-room.ch\/en\/"},{"@type":"ListItem","position":2,"name":"Impressum und Kontakt"}]},{"@type":"WebSite","@id":"http:\/\/vr-room.ch\/en\/#website","url":"http:\/\/vr-room.ch\/en\/","name":"Nouvelles de la r\u00e9alit\u00e9 virtuelle suisse","description":"","potentialAction":[{"@type":"SearchAction","target":{"@type":"EntryPoint","urlTemplate":"http:\/\/vr-room.ch\/en\/?s={search_term_string}"},"query-input":{"@type":"PropertyValueSpecification","valueRequired":true,"valueName":"search_term_string"}}],"inLanguage":"fr-FR"}]}},"_links":{"self":[{"href":"https:\/\/vr-room.ch\/fr\/wp-json\/wp\/v2\/pages\/20016","targetHints":{"allow":["GET"]}}],"collection":[{"href":"https:\/\/vr-room.ch\/fr\/wp-json\/wp\/v2\/pages"}],"about":[{"href":"https:\/\/vr-room.ch\/fr\/wp-json\/wp\/v2\/types\/page"}],"author":[{"embeddable":true,"href":"https:\/\/vr-room.ch\/fr\/wp-json\/wp\/v2\/users\/1"}],"replies":[{"embeddable":true,"href":"https:\/\/vr-room.ch\/fr\/wp-json\/wp\/v2\/comments?post=20016"}],"version-history":[{"count":0,"href":"https:\/\/vr-room.ch\/fr\/wp-json\/wp\/v2\/pages\/20016\/revisions"}],"wp:attachment":[{"href":"https:\/\/vr-room.ch\/fr\/wp-json\/wp\/v2\/media?parent=20016"}],"curies":[{"name":"wp","href":"https:\/\/api.w.org\/{rel}","templated":true}]}}