{"id":1808,"date":"2014-12-15T14:07:06","date_gmt":"2014-12-15T14:07:06","guid":{"rendered":"http:\/\/chirps-develop.localhost\/?page_id=1808"},"modified":"2017-01-12T16:55:30","modified_gmt":"2017-01-12T16:55:30","slug":"mitmachen","status":"publish","type":"page","link":"https:\/\/vr-room.ch\/fr\/mitmachen\/","title":{"rendered":"Participer \u00e0 VR Room !"},"content":{"rendered":"[g1_row type=&#8220;stretched&#8220; color=&#8220;none&#8220; background_repeat=&#8220;repeat&#8220; background_position=&#8220;center top&#8220; background_attachment=&#8220;static&#8220; background_scroll=&#8220;none&#8220;]\n[g1_1of2 valign=&#8220;middle&#8220; animation=&#8220;none&#8220; color=&#8220;dark&#8220; background_color=&#8220;#0dc5dc&#8220;]\n[g1_space value=&#8220;3rem&#8220;]\n[\/g1_space]\n<h2 id=\"werden-sie-autor-bei-vr-room\" class=\"g1-delta g1-delta-2nd\" style=\"text-align: center;\">Werden Sie Autor bei VR Room!<\/h2>\n[g1_space value=&#8220;1.5rem&#8220;]\n[\/g1_space]\n<h2 id=\"we-want-you\" class=\"g1-alpha g1-alpha-2nd\" style=\"text-align: center;\">We Want You<\/h2>\n[g1_lead]\n<p>Sie haben eine Leidenschaft f\u00fcr Technik und k\u00f6nnen gut schreiben?<\/p>\n<p>Auf VR Room schreiben wir in verschiedenen Ressorts \u00fcber Themen, die mit der virtuellen Realit\u00e4t zusammenh\u00e4ngen. Neben kurzen News bringen wir Reportagen, Eventberichte, Interviews und Produkttests. Wir freuen uns \u00fcber Ihre Anfrage!<\/p>\n[\/g1_lead]\n[g1_space value=&#8220;3rem&#8220;]\n[\/g1_space]\n<p style=\"text-align: center;\">\n[g1_button link=&#8220;http:\/\/vr-room.ch\/kontakt\/&#8220; linking=&#8220;default&#8220; size=&#8220;l&#8220; type=&#8220;standard&#8220; style=&#8220;simple&#8220;]Jetzt bewerben![\/g1_button]\n[\/g1_1of2]\n[g1_1of2 valign=&#8220;middle&#8220; animation=&#8220;none&#8220; color=&#8220;none&#8220; background_color=&#8220;#ffffff&#8220; background_image=&#8220;http:\/\/vr-room.ch\/wp-content\/uploads\/2017\/01\/vr-woman.jpg&#8220; background_repeat=&#8220;no-repeat&#8220; background_position=&#8220;center top&#8220; background_attachment=&#8220;static&#8220; background_scroll=&#8220;none&#8220; background_size=&#8220;cover&#8220;]\n[g1_space value=&#8220;24rem&#8220;]\n[\/g1_space]\n[\/g1_1of2]\n[\/g1_row]\n[g1_row type=&#8220;default&#8220; color=&#8220;none&#8220; background_repeat=&#8220;repeat&#8220; background_position=&#8220;center top&#8220; background_attachment=&#8220;static&#8220; background_scroll=&#8220;none&#8220; padding_top=&#8220;4.5rem&#8220; padding_bottom=&#8220;3rem&#8220;]\n[g1_1of3]\n<h3 id=\"wen-wir-suchen\" class=\"g1-delta g1-delta-2nd\">Wen wir suchen<\/h3>\n<p>Technik-Journalisten mit Online-Publishing Erfahrung, freie Schreiber mit Erfahrung im technischen Bereich und ambitionierte Hobby-Schreiber. Menschen, die sich f\u00fcr neue Technik begeistern und Spass am Schreiben haben. Erste Referenzen w\u00e4ren ideal, sind aber kein Muss.<\/p>\n[\/g1_1of3]\n[g1_1of3]\n<h3 id=\"wen-wir-nicht-suchen\" class=\"g1-delta g1-delta-2nd\">Wen wir nicht suchen<\/h3>\n<p>Kurz gesagt: Leute ohne Zeit. Das Schreiben einer kurzen News sollte nicht l\u00e4nger als 30min brauchen. Gr\u00f6ssere Reportagen, Event-Berichte und Interviews brauchen nat\u00fcrlich entsprechend l\u00e4nger. Wenn Sie Interesse haben bei uns mitzumachen, sollten Sie genug Zeit haben um 4-5 kurze Artikel pro Woche und mindestens einen l\u00e4ngeren Artikel pro Monat zu schreiben.<\/p>\n[\/g1_1of3]\n[g1_1of3]\n<h3 id=\"wird-das-schreiben-bezahlt\" class=\"g1-delta g1-delta-2nd\">Wird das Schreiben bezahlt?<\/h3>\n<p>Ja, nach einer Probezeit von zwei Monaten bekommen Sie einen Auftrag als freier Mitarbeiter und werden f\u00fcr Ihre Zeit zu branchen\u00fcblichen S\u00e4tzen verg\u00fctet. W\u00e4hrend der Probezeit beurteilen wir die Qualit\u00e4t der Beitr\u00e4ge und geben Ihnen Feedback, ob Ihre Arbeit unseren Vorstellungen entspricht oder ob es Verbesserungpotential gibt.<\/p>\n[\/g1_1of3]\n[\/g1_row]\n[g1_row type=&#8220;default&#8220; color=&#8220;semi-light&#8220; background_color=&#8220;#f2f2f2&#8243; background_repeat=&#8220;repeat&#8220; background_position=&#8220;center top&#8220; background_attachment=&#8220;static&#8220; background_scroll=&#8220;none&#8220;]\n[g1_1of1]\n<h2 id=\"fragen-und-antworten\" class=\"g1-beta g1-beta-2nd\" style=\"text-align: center;\">Fragen und Antworten<\/h2>\n<p>&nbsp;<\/p>\n[\/g1_1of1]\n[\/g1_row]\n[g1_toggle title=&#8220;\u00dcber was soll ich schreiben?&#8220; icon=&#8220;fa fa-question&#8220; size=&#8220;l&#8220; title_align=&#8220;center&#8220; state=&#8220;off&#8220; style=&#8220;simple&#8220; layout=&#8220;boxed&#8220;]\n<p>Alles zum Thema Virtual Reality ist f\u00fcr uns interessant. Besonders dann, wenn es einen Bezug zur Schweiz hat. Unser Ziel ist es, dass ca. 30% der Beitr\u00e4ge einen Schweizbezug aufweisen. Bei der Einordnung der Beitr\u00e4ge in die passenden Ressorts helfen wir gerne.<\/p>\n[\/g1_toggle]\n[g1_toggle title=&#8220;Wie werden meine Beitr\u00e4ge online gestellt?&#8220; icon=&#8220;fa fa-question&#8220; size=&#8220;l&#8220; title_align=&#8220;center&#8220; state=&#8220;off&#8220; style=&#8220;simple&#8220; layout=&#8220;boxed&#8220;]\n<p>Wir verwenden WordPress als Content Management System. Wenn Sie bereits Erfahrung mit Worpress haben, ist es sehr leicht neue Beitr\u00e4ge zu schreiben. Wenn noch keine Erfahrung vorhanden ist, k\u00f6nnen wir Ihnen eine kurze Schulung anbieten. Grunds\u00e4tzlich ist es aber auch m\u00f6glich uns die Beitr\u00e4ge in Form von Text- und Bild-Dateien zu schicken. Wir setzen diese dann online.<\/p>\n[\/g1_toggle]\n[g1_toggle title=&#8220;Wie lange sollen die Beitr\u00e4ge sein?&#8220; icon=&#8220;fa fa-question&#8220; size=&#8220;l&#8220; title_align=&#8220;center&#8220; state=&#8220;off&#8220; style=&#8220;simple&#8220; layout=&#8220;boxed&#8220;]\n<p>Es kommt darauf an, ob es sich um kurze Newsbeitr\u00e4ge in Form von einigen S\u00e4tzen mit Links und ext. Mediendateien wie Bildern und Videos, oder um l\u00e4ngere oder gar mehrseitige Reportagen oder Produkt-Tests handelt. Wichtig ist, dass der Beitrag selbst geschrieben und nicht von anderen Seiten kopiert wurde.<\/p>\n[\/g1_toggle]\n[g1_toggle title=&#8220;Bin ich als freier Mitarbeiter angestellt?&#8220; icon=&#8220;fa fa-question&#8220; size=&#8220;l&#8220; title_align=&#8220;center&#8220; state=&#8220;off&#8220; style=&#8220;simple&#8220; layout=&#8220;boxed&#8220;]\n<p>Nein, sie bekommen einen Auftrag f\u00fcr eine Nebent\u00e4tigkeit als freier Mitarbeiter. Sie m\u00fcssen diese Eink\u00fcnfte anschliessend selbst versteuern und sich selbst versichern.<\/p>\n[\/g1_toggle]\n[g1_space]\n[\/g1_space]\n","protected":false},"excerpt":{"rendered":"[g1_row type=&#8220;stretched&#8220; color=&#8220;none&#8220; background_repeat=&#8220;repeat&#8220; background_position=&#8220;center top&#8220; background_attachment=&#8220;static&#8220; background_scroll=&#8220;none&#8220;] [g1_1of2 valign=&#8220;middle&#8220; animation=&#8220;none&#8220; color=&#8220;dark&#8220; background_color=&#8220;#0dc5dc&#8220;] [g1_space value=&#8220;3rem&#8220;] [\/g1_space] Werden Sie&hellip;\n","protected":false},"author":1,"featured_media":0,"parent":0,"menu_order":0,"comment_status":"closed","ping_status":"closed","template":"g1_template_page_full_sections.php","meta":{"footnotes":""},"class_list":{"0":"post-1808","1":"page","2":"type-page","3":"status-publish","5":"cs-entry","6":"cs-video-wrap"},"yoast_head":"<!-- This site is optimized with the Yoast SEO plugin v27.4 - https:\/\/yoast.com\/product\/yoast-seo-wordpress\/ -->\n<title>Bei VR Room mitmachen! - Schweizer Virtual Reality News<\/title>\n<meta name=\"robots\" content=\"index, follow, max-snippet:-1, max-image-preview:large, max-video-preview:-1\" \/>\n<link rel=\"canonical\" href=\"https:\/\/vr-room.ch\/fr\/mitmachen\/\" \/>\n<meta property=\"og:locale\" content=\"fr_FR\" \/>\n<meta property=\"og:type\" content=\"article\" \/>\n<meta property=\"og:title\" content=\"Bei VR Room mitmachen! - Schweizer Virtual Reality News\" \/>\n<meta property=\"og:description\" content=\"[g1_row type=&#8220;stretched&#8220; color=&#8220;none&#8220; background_repeat=&#8220;repeat&#8220; background_position=&#8220;center top&#8220; background_attachment=&#8220;static&#8220; background_scroll=&#8220;none&#8220;] [g1_1of2 valign=&#8220;middle&#8220; animation=&#8220;none&#8220; color=&#8220;dark&#8220; background_color=&#8220;#0dc5dc&#8220;] [g1_space value=&#8220;3rem&#8220;] [\/g1_space] Werden Sie&hellip;\" \/>\n<meta property=\"og:url\" content=\"https:\/\/vr-room.ch\/fr\/mitmachen\/\" \/>\n<meta property=\"og:site_name\" content=\"Schweizer Virtual Reality News\" \/>\n<meta property=\"article:modified_time\" content=\"2017-01-12T16:55:30+00:00\" \/>\n<meta name=\"twitter:card\" content=\"summary_large_image\" \/>\n<meta name=\"twitter:label1\" content=\"Dur\u00e9e de lecture estim\u00e9e\" \/>\n\t<meta name=\"twitter:data1\" content=\"3 minutes\" \/>\n<script type=\"application\/ld+json\" class=\"yoast-schema-graph\">{\"@context\":\"https:\\\/\\\/schema.org\",\"@graph\":[{\"@type\":\"WebPage\",\"@id\":\"https:\\\/\\\/vr-room.ch\\\/mitmachen\\\/\",\"url\":\"https:\\\/\\\/vr-room.ch\\\/mitmachen\\\/\",\"name\":\"Bei VR Room mitmachen! - Schweizer Virtual Reality News\",\"isPartOf\":{\"@id\":\"http:\\\/\\\/vr-room.ch\\\/en\\\/#website\"},\"datePublished\":\"2014-12-15T14:07:06+00:00\",\"dateModified\":\"2017-01-12T16:55:30+00:00\",\"breadcrumb\":{\"@id\":\"https:\\\/\\\/vr-room.ch\\\/mitmachen\\\/#breadcrumb\"},\"inLanguage\":\"fr-FR\",\"potentialAction\":[{\"@type\":\"ReadAction\",\"target\":[\"https:\\\/\\\/vr-room.ch\\\/mitmachen\\\/\"]}]},{\"@type\":\"BreadcrumbList\",\"@id\":\"https:\\\/\\\/vr-room.ch\\\/mitmachen\\\/#breadcrumb\",\"itemListElement\":[{\"@type\":\"ListItem\",\"position\":1,\"name\":\"Startseite\",\"item\":\"http:\\\/\\\/vr-room.ch\\\/en\\\/\"},{\"@type\":\"ListItem\",\"position\":2,\"name\":\"Bei VR Room mitmachen!\"}]},{\"@type\":\"WebSite\",\"@id\":\"http:\\\/\\\/vr-room.ch\\\/en\\\/#website\",\"url\":\"http:\\\/\\\/vr-room.ch\\\/en\\\/\",\"name\":\"Schweizer Virtual Reality News\",\"description\":\"\",\"potentialAction\":[{\"@type\":\"SearchAction\",\"target\":{\"@type\":\"EntryPoint\",\"urlTemplate\":\"http:\\\/\\\/vr-room.ch\\\/en\\\/?s={search_term_string}\"},\"query-input\":{\"@type\":\"PropertyValueSpecification\",\"valueRequired\":true,\"valueName\":\"search_term_string\"}}],\"inLanguage\":\"fr-FR\"}]}<\/script>\n<!-- \/ Yoast SEO plugin. -->","yoast_head_json":{"title":"Bei VR Room mitmachen! - Schweizer Virtual Reality News","robots":{"index":"index","follow":"follow","max-snippet":"max-snippet:-1","max-image-preview":"max-image-preview:large","max-video-preview":"max-video-preview:-1"},"canonical":"https:\/\/vr-room.ch\/fr\/mitmachen\/","og_locale":"fr_FR","og_type":"article","og_title":"Bei VR Room mitmachen! - Schweizer Virtual Reality News","og_description":"[g1_row type=&#8220;stretched&#8220; color=&#8220;none&#8220; background_repeat=&#8220;repeat&#8220; background_position=&#8220;center top&#8220; background_attachment=&#8220;static&#8220; background_scroll=&#8220;none&#8220;] [g1_1of2 valign=&#8220;middle&#8220; animation=&#8220;none&#8220; color=&#8220;dark&#8220; background_color=&#8220;#0dc5dc&#8220;] [g1_space value=&#8220;3rem&#8220;] [\/g1_space] Werden Sie&hellip;","og_url":"https:\/\/vr-room.ch\/fr\/mitmachen\/","og_site_name":"Schweizer Virtual Reality News","article_modified_time":"2017-01-12T16:55:30+00:00","twitter_card":"summary_large_image","twitter_misc":{"Dur\u00e9e de lecture estim\u00e9e":"3 minutes"},"schema":{"@context":"https:\/\/schema.org","@graph":[{"@type":"WebPage","@id":"https:\/\/vr-room.ch\/mitmachen\/","url":"https:\/\/vr-room.ch\/mitmachen\/","name":"Bei VR Room mitmachen! - Schweizer Virtual Reality News","isPartOf":{"@id":"http:\/\/vr-room.ch\/en\/#website"},"datePublished":"2014-12-15T14:07:06+00:00","dateModified":"2017-01-12T16:55:30+00:00","breadcrumb":{"@id":"https:\/\/vr-room.ch\/mitmachen\/#breadcrumb"},"inLanguage":"fr-FR","potentialAction":[{"@type":"ReadAction","target":["https:\/\/vr-room.ch\/mitmachen\/"]}]},{"@type":"BreadcrumbList","@id":"https:\/\/vr-room.ch\/mitmachen\/#breadcrumb","itemListElement":[{"@type":"ListItem","position":1,"name":"Startseite","item":"http:\/\/vr-room.ch\/en\/"},{"@type":"ListItem","position":2,"name":"Bei VR Room mitmachen!"}]},{"@type":"WebSite","@id":"http:\/\/vr-room.ch\/en\/#website","url":"http:\/\/vr-room.ch\/en\/","name":"Nouvelles de la r\u00e9alit\u00e9 virtuelle suisse","description":"","potentialAction":[{"@type":"SearchAction","target":{"@type":"EntryPoint","urlTemplate":"http:\/\/vr-room.ch\/en\/?s={search_term_string}"},"query-input":{"@type":"PropertyValueSpecification","valueRequired":true,"valueName":"search_term_string"}}],"inLanguage":"fr-FR"}]}},"_links":{"self":[{"href":"https:\/\/vr-room.ch\/fr\/wp-json\/wp\/v2\/pages\/1808","targetHints":{"allow":["GET"]}}],"collection":[{"href":"https:\/\/vr-room.ch\/fr\/wp-json\/wp\/v2\/pages"}],"about":[{"href":"https:\/\/vr-room.ch\/fr\/wp-json\/wp\/v2\/types\/page"}],"author":[{"embeddable":true,"href":"https:\/\/vr-room.ch\/fr\/wp-json\/wp\/v2\/users\/1"}],"replies":[{"embeddable":true,"href":"https:\/\/vr-room.ch\/fr\/wp-json\/wp\/v2\/comments?post=1808"}],"version-history":[{"count":0,"href":"https:\/\/vr-room.ch\/fr\/wp-json\/wp\/v2\/pages\/1808\/revisions"}],"wp:attachment":[{"href":"https:\/\/vr-room.ch\/fr\/wp-json\/wp\/v2\/media?parent=1808"}],"curies":[{"name":"wp","href":"https:\/\/api.w.org\/{rel}","templated":true}]}}